{"id":666,"date":"2025-07-01T14:41:32","date_gmt":"2025-07-01T12:41:32","guid":{"rendered":"https:\/\/intelacomercial.com\/?post_type=product&#038;p=666"},"modified":"2025-07-15T17:42:54","modified_gmt":"2025-07-15T15:42:54","slug":"elettrovalvola-per-settore-insdustriale-ctp5-s1","status":"publish","type":"product","link":"https:\/\/intelacomercial.com\/en\/producto\/elettrovalvola-per-settore-insdustriale-ctp5-s1\/","title":{"rendered":"ADB5E03CCS11-Elettrovalvola per settore industriale CTP5 (S1)"},"content":{"rendered":"","protected":false},"excerpt":{"rendered":"","protected":false},"featured_media":667,"comment_status":"closed","ping_status":"closed","template":"","meta":{"_acf_changed":false,"site-sidebar-layout":"default","site-content-layout":"","ast-site-content-layout":"default","site-content-style":"default","site-sidebar-style":"default","ast-global-header-display":"","ast-banner-title-visibility":"","ast-main-header-display":"","ast-hfb-above-header-display":"","ast-hfb-below-header-display":"","ast-hfb-mobile-header-display":"","site-post-title":"","ast-breadcrumbs-content":"","ast-featured-img":"","footer-sml-layout":"","theme-transparent-header-meta":"default","adv-header-id-meta":"","stick-header-meta":"","header-above-stick-meta":"","header-main-stick-meta":"","header-below-stick-meta":"","astra-migrate-meta-layouts":"set","ast-page-background-enabled":"default","ast-page-background-meta":{"desktop":{"background-color":"var(--ast-global-color-4)","background-image":"","background-repeat":"repeat","background-position":"center center","background-size":"auto","background-attachment":"scroll","background-type":"","background-media":"","overlay-type":"","overlay-color":"","overlay-opacity":"","overlay-gradient":""},"tablet":{"background-color":"","background-image":"","background-repeat":"repeat","background-position":"center center","background-size":"auto","background-attachment":"scroll","background-type":"","background-media":"","overlay-type":"","overlay-color":"","overlay-opacity":"","overlay-gradient":""},"mobile":{"background-color":"","background-image":"","background-repeat":"repeat","background-position":"center center","background-size":"auto","background-attachment":"scroll","background-type":"","background-media":"","overlay-type":"","overlay-color":"","overlay-opacity":"","overlay-gradient":""}},"ast-content-background-meta":{"desktop":{"background-color":"var(--ast-global-color-5)","background-image":"","background-repeat":"repeat","background-position":"center center","background-size":"auto","background-attachment":"scroll","background-type":"","background-media":"","overlay-type":"","overlay-color":"","overlay-opacity":"","overlay-gradient":""},"tablet":{"background-color":"var(--ast-global-color-5)","background-image":"","background-repeat":"repeat","background-position":"center center","background-size":"auto","background-attachment":"scroll","background-type":"","background-media":"","overlay-type":"","overlay-color":"","overlay-opacity":"","overlay-gradient":""},"mobile":{"background-color":"var(--ast-global-color-5)","background-image":"","background-repeat":"repeat","background-position":"center center","background-size":"auto","background-attachment":"scroll","background-type":"","background-media":"","overlay-type":"","overlay-color":"","overlay-opacity":"","overlay-gradient":""}}},"product_brand":[],"product_cat":[36],"product_tag":[],"class_list":{"0":"post-666","1":"product","2":"type-product","3":"status-publish","4":"has-post-thumbnail","6":"product_cat-controles-de-flujo","7":"desktop-align-left","8":"tablet-align-left","9":"mobile-align-left","11":"first","12":"instock","13":"shipping-taxable","14":"purchasable","15":"product-type-simple"},"acf":[],"yoast_head":"<!-- This site is optimized with the Yoast SEO plugin v24.3 - https:\/\/yoast.com\/wordpress\/plugins\/seo\/ -->\n<title>Electrov\u00e1lvula Industrial ADB5E03CCS11 CTP5 | Control Direccional<\/title>\n<meta name=\"description\" content=\"Electrov\u00e1lvula hidr\u00e1ulica NG10 ADB5E03CCS11 CTP5. Soluci\u00f3n confiable para control de fluidos en sector industrial.\" \/>\n<meta name=\"robots\" content=\"index, follow, max-snippet:-1, max-image-preview:large, max-video-preview:-1\" \/>\n<link rel=\"canonical\" href=\"https:\/\/intelacomercial.com\/en\/producto\/elettrovalvola-per-settore-insdustriale-ctp5-s1\/\" \/>\n<meta property=\"og:locale\" content=\"en_US\" \/>\n<meta property=\"og:type\" content=\"article\" \/>\n<meta property=\"og:title\" content=\"Electrov\u00e1lvula Industrial ADB5E03CCS11 CTP5 | Control Direccional\" \/>\n<meta property=\"og:description\" content=\"Electrov\u00e1lvula hidr\u00e1ulica NG10 ADB5E03CCS11 CTP5. Soluci\u00f3n confiable para control de fluidos en sector industrial.\" \/>\n<meta property=\"og:url\" content=\"https:\/\/intelacomercial.com\/en\/producto\/elettrovalvola-per-settore-insdustriale-ctp5-s1\/\" \/>\n<meta property=\"og:site_name\" content=\"Intela Comercial\" \/>\n<meta property=\"article:modified_time\" content=\"2025-07-15T15:42:54+00:00\" \/>\n<meta property=\"og:image\" content=\"https:\/\/intelacomercial.com\/wp-content\/uploads\/2025\/07\/electrovalvula-adb5-aron.jpg\" \/>\n\t<meta property=\"og:image:width\" content=\"474\" \/>\n\t<meta property=\"og:image:height\" content=\"460\" \/>\n\t<meta property=\"og:image:type\" content=\"image\/jpeg\" \/>\n<meta name=\"twitter:card\" content=\"summary_large_image\" \/>\n<meta name=\"twitter:label1\" content=\"Est. reading time\" \/>\n\t<meta name=\"twitter:data1\" content=\"1 minute\" \/>\n<script type=\"application\/ld+json\" class=\"yoast-schema-graph\">{\"@context\":\"https:\/\/schema.org\",\"@graph\":[{\"@type\":\"WebPage\",\"@id\":\"https:\/\/intelacomercial.com\/en\/producto\/elettrovalvola-per-settore-insdustriale-ctp5-s1\/\",\"url\":\"https:\/\/intelacomercial.com\/en\/producto\/elettrovalvola-per-settore-insdustriale-ctp5-s1\/\",\"name\":\"Electrov\u00e1lvula Industrial ADB5E03CCS11 CTP5 | Control Direccional\",\"isPartOf\":{\"@id\":\"https:\/\/intelacomercial.com\/en\/#website\"},\"primaryImageOfPage\":{\"@id\":\"https:\/\/intelacomercial.com\/en\/producto\/elettrovalvola-per-settore-insdustriale-ctp5-s1\/#primaryimage\"},\"image\":{\"@id\":\"https:\/\/intelacomercial.com\/en\/producto\/elettrovalvola-per-settore-insdustriale-ctp5-s1\/#primaryimage\"},\"thumbnailUrl\":\"https:\/\/intelacomercial.com\/wp-content\/uploads\/2025\/07\/electrovalvula-adb5-aron.jpg\",\"datePublished\":\"2025-07-01T12:41:32+00:00\",\"dateModified\":\"2025-07-15T15:42:54+00:00\",\"description\":\"Electrov\u00e1lvula hidr\u00e1ulica NG10 ADB5E03CCS11 CTP5. Soluci\u00f3n confiable para control de fluidos en sector industrial.\",\"breadcrumb\":{\"@id\":\"https:\/\/intelacomercial.com\/en\/producto\/elettrovalvola-per-settore-insdustriale-ctp5-s1\/#breadcrumb\"},\"inLanguage\":\"en-US\",\"potentialAction\":[{\"@type\":\"ReadAction\",\"target\":[\"https:\/\/intelacomercial.com\/en\/producto\/elettrovalvola-per-settore-insdustriale-ctp5-s1\/\"]}]},{\"@type\":\"ImageObject\",\"inLanguage\":\"en-US\",\"@id\":\"https:\/\/intelacomercial.com\/en\/producto\/elettrovalvola-per-settore-insdustriale-ctp5-s1\/#primaryimage\",\"url\":\"https:\/\/intelacomercial.com\/wp-content\/uploads\/2025\/07\/electrovalvula-adb5-aron.jpg\",\"contentUrl\":\"https:\/\/intelacomercial.com\/wp-content\/uploads\/2025\/07\/electrovalvula-adb5-aron.jpg\",\"width\":474,\"height\":460},{\"@type\":\"BreadcrumbList\",\"@id\":\"https:\/\/intelacomercial.com\/en\/producto\/elettrovalvola-per-settore-insdustriale-ctp5-s1\/#breadcrumb\",\"itemListElement\":[{\"@type\":\"ListItem\",\"position\":1,\"name\":\"Portada\",\"item\":\"https:\/\/intelacomercial.com\/en\/\"},{\"@type\":\"ListItem\",\"position\":2,\"name\":\"Shop\",\"item\":\"https:\/\/intelacomercial.com\/tienda\/\"},{\"@type\":\"ListItem\",\"position\":3,\"name\":\"ADB5E03CCS11-Elettrovalvola per settore industriale CTP5 (S1)\"}]},{\"@type\":\"WebSite\",\"@id\":\"https:\/\/intelacomercial.com\/en\/#website\",\"url\":\"https:\/\/intelacomercial.com\/en\/\",\"name\":\"Intela Comercial\",\"description\":\"Instalaciones T\u00e9cnicas Industriales\",\"potentialAction\":[{\"@type\":\"SearchAction\",\"target\":{\"@type\":\"EntryPoint\",\"urlTemplate\":\"https:\/\/intelacomercial.com\/en\/?s={search_term_string}\"},\"query-input\":{\"@type\":\"PropertyValueSpecification\",\"valueRequired\":true,\"valueName\":\"search_term_string\"}}],\"inLanguage\":\"en-US\"}]}<\/script>\n<!-- \/ Yoast SEO plugin. -->","yoast_head_json":{"title":"Electrov\u00e1lvula Industrial ADB5E03CCS11 CTP5 | Control Direccional","description":"Electrov\u00e1lvula hidr\u00e1ulica NG10 ADB5E03CCS11 CTP5. Soluci\u00f3n confiable para control de fluidos en sector industrial.","robots":{"index":"index","follow":"follow","max-snippet":"max-snippet:-1","max-image-preview":"max-image-preview:large","max-video-preview":"max-video-preview:-1"},"canonical":"https:\/\/intelacomercial.com\/en\/producto\/elettrovalvola-per-settore-insdustriale-ctp5-s1\/","og_locale":"en_US","og_type":"article","og_title":"Electrov\u00e1lvula Industrial ADB5E03CCS11 CTP5 | Control Direccional","og_description":"Electrov\u00e1lvula hidr\u00e1ulica NG10 ADB5E03CCS11 CTP5. Soluci\u00f3n confiable para control de fluidos en sector industrial.","og_url":"https:\/\/intelacomercial.com\/en\/producto\/elettrovalvola-per-settore-insdustriale-ctp5-s1\/","og_site_name":"Intela Comercial","article_modified_time":"2025-07-15T15:42:54+00:00","og_image":[{"width":474,"height":460,"url":"https:\/\/intelacomercial.com\/wp-content\/uploads\/2025\/07\/electrovalvula-adb5-aron.jpg","type":"image\/jpeg"}],"twitter_card":"summary_large_image","twitter_misc":{"Est. reading time":"1 minute"},"schema":{"@context":"https:\/\/schema.org","@graph":[{"@type":"WebPage","@id":"https:\/\/intelacomercial.com\/en\/producto\/elettrovalvola-per-settore-insdustriale-ctp5-s1\/","url":"https:\/\/intelacomercial.com\/en\/producto\/elettrovalvola-per-settore-insdustriale-ctp5-s1\/","name":"Electrov\u00e1lvula Industrial ADB5E03CCS11 CTP5 | Control Direccional","isPartOf":{"@id":"https:\/\/intelacomercial.com\/en\/#website"},"primaryImageOfPage":{"@id":"https:\/\/intelacomercial.com\/en\/producto\/elettrovalvola-per-settore-insdustriale-ctp5-s1\/#primaryimage"},"image":{"@id":"https:\/\/intelacomercial.com\/en\/producto\/elettrovalvola-per-settore-insdustriale-ctp5-s1\/#primaryimage"},"thumbnailUrl":"https:\/\/intelacomercial.com\/wp-content\/uploads\/2025\/07\/electrovalvula-adb5-aron.jpg","datePublished":"2025-07-01T12:41:32+00:00","dateModified":"2025-07-15T15:42:54+00:00","description":"Electrov\u00e1lvula hidr\u00e1ulica NG10 ADB5E03CCS11 CTP5. Soluci\u00f3n confiable para control de fluidos en sector industrial.","breadcrumb":{"@id":"https:\/\/intelacomercial.com\/en\/producto\/elettrovalvola-per-settore-insdustriale-ctp5-s1\/#breadcrumb"},"inLanguage":"en-US","potentialAction":[{"@type":"ReadAction","target":["https:\/\/intelacomercial.com\/en\/producto\/elettrovalvola-per-settore-insdustriale-ctp5-s1\/"]}]},{"@type":"ImageObject","inLanguage":"en-US","@id":"https:\/\/intelacomercial.com\/en\/producto\/elettrovalvola-per-settore-insdustriale-ctp5-s1\/#primaryimage","url":"https:\/\/intelacomercial.com\/wp-content\/uploads\/2025\/07\/electrovalvula-adb5-aron.jpg","contentUrl":"https:\/\/intelacomercial.com\/wp-content\/uploads\/2025\/07\/electrovalvula-adb5-aron.jpg","width":474,"height":460},{"@type":"BreadcrumbList","@id":"https:\/\/intelacomercial.com\/en\/producto\/elettrovalvola-per-settore-insdustriale-ctp5-s1\/#breadcrumb","itemListElement":[{"@type":"ListItem","position":1,"name":"Portada","item":"https:\/\/intelacomercial.com\/en\/"},{"@type":"ListItem","position":2,"name":"Shop","item":"https:\/\/intelacomercial.com\/tienda\/"},{"@type":"ListItem","position":3,"name":"ADB5E03CCS11-Elettrovalvola per settore industriale CTP5 (S1)"}]},{"@type":"WebSite","@id":"https:\/\/intelacomercial.com\/en\/#website","url":"https:\/\/intelacomercial.com\/en\/","name":"Intela Comercial","description":"Instalaciones T\u00e9cnicas Industriales","potentialAction":[{"@type":"SearchAction","target":{"@type":"EntryPoint","urlTemplate":"https:\/\/intelacomercial.com\/en\/?s={search_term_string}"},"query-input":{"@type":"PropertyValueSpecification","valueRequired":true,"valueName":"search_term_string"}}],"inLanguage":"en-US"}]}},"_links":{"self":[{"href":"https:\/\/intelacomercial.com\/en\/wp-json\/wp\/v2\/product\/666","targetHints":{"allow":["GET"]}}],"collection":[{"href":"https:\/\/intelacomercial.com\/en\/wp-json\/wp\/v2\/product"}],"about":[{"href":"https:\/\/intelacomercial.com\/en\/wp-json\/wp\/v2\/types\/product"}],"replies":[{"embeddable":true,"href":"https:\/\/intelacomercial.com\/en\/wp-json\/wp\/v2\/comments?post=666"}],"wp:featuredmedia":[{"embeddable":true,"href":"https:\/\/intelacomercial.com\/en\/wp-json\/wp\/v2\/media\/667"}],"wp:attachment":[{"href":"https:\/\/intelacomercial.com\/en\/wp-json\/wp\/v2\/media?parent=666"}],"wp:term":[{"taxonomy":"product_brand","embeddable":true,"href":"https:\/\/intelacomercial.com\/en\/wp-json\/wp\/v2\/product_brand?post=666"},{"taxonomy":"product_cat","embeddable":true,"href":"https:\/\/intelacomercial.com\/en\/wp-json\/wp\/v2\/product_cat?post=666"},{"taxonomy":"product_tag","embeddable":true,"href":"https:\/\/intelacomercial.com\/en\/wp-json\/wp\/v2\/product_tag?post=666"}],"curies":[{"name":"wp","href":"https:\/\/api.w.org\/{rel}","templated":true}]}}